{"id":71338,"date":"2024-05-24T17:16:23","date_gmt":"2024-05-24T15:16:23","guid":{"rendered":"https:\/\/schlaesserei.lu\/?page_id=71338"},"modified":"2024-07-11T16:05:51","modified_gmt":"2024-07-11T14:05:51","slug":"portes-portails","status":"publish","type":"page","link":"https:\/\/schlaesserei.lu\/fr\/portes-portails\/","title":{"rendered":"Portes &amp; portails"},"content":{"rendered":"<p>[et_pb_section fb_built=\u00a0\u00bb1&Prime; _builder_version=\u00a0\u00bb4.25.1&Prime; _module_preset=\u00a0\u00bbdefault\u00a0\u00bb use_background_color_gradient=\u00a0\u00bbon\u00a0\u00bb background_color_gradient_stops=\u00a0\u00bbrgba(0,0,0,0.41) 0%|#000000 100%\u00a0\u00bb background_color_gradient_overlays_image=\u00a0\u00bbon\u00a0\u00bb background_image=\u00a0\u00bbhttps:\/\/schlaesserei.lu\/wp-content\/uploads\/2024\/05\/dschlasserei_hero_portes_portails.jpg\u00a0\u00bb custom_padding=\u00a0\u00bb120px||120px||true|false\u00a0\u00bb global_colors_info=\u00a0\u00bb{}\u00a0\u00bb][et_pb_row _builder_version=\u00a0\u00bb4.24.3&Prime; _module_preset=\u00a0\u00bbdefault\u00a0\u00bb max_width=\u00a0\u00bb80%\u00a0\u00bb global_colors_info=\u00a0\u00bb{}\u00a0\u00bb][et_pb_column type=\u00a0\u00bb4_4&Prime; _builder_version=\u00a0\u00bb4.24.3&Prime; _module_preset=\u00a0\u00bbdefault\u00a0\u00bb global_colors_info=\u00a0\u00bb{}\u00a0\u00bb][et_pb_text _builder_version=\u00a0\u00bb4.25.1&Prime; _module_preset=\u00a0\u00bbdefault\u00a0\u00bb text_font=\u00a0\u00bbArchivo Narrow|700||on|||||\u00a0\u00bb text_text_color=\u00a0\u00bb#FFFFFF\u00a0\u00bb text_font_size=\u00a0\u00bb85px\u00a0\u00bb text_line_height=\u00a0\u00bb1.1em\u00a0\u00bb header_font=\u00a0\u00bbArchivo Narrow|700|||||||\u00a0\u00bb header_text_color=\u00a0\u00bb#FFFFFF\u00a0\u00bb header_font_size=\u00a0\u00bb85px\u00a0\u00bb header_font_size_tablet=\u00a0\u00bb65px\u00a0\u00bb header_font_size_phone=\u00a0\u00bb40px\u00a0\u00bb header_font_size_last_edited=\u00a0\u00bbon|phone\u00a0\u00bb global_colors_info=\u00a0\u00bb{}\u00a0\u00bb]<\/p>\n<h1>Portes &amp; Portails<\/h1>\n<p>[\/et_pb_text][\/et_pb_column][\/et_pb_row][\/et_pb_section][et_pb_section fb_built=\u00a0\u00bb1&Prime; _builder_version=\u00a0\u00bb4.24.3&Prime; _module_preset=\u00a0\u00bbdefault\u00a0\u00bb global_colors_info=\u00a0\u00bb{}\u00a0\u00bb][et_pb_row _builder_version=\u00a0\u00bb4.24.3&Prime; _module_preset=\u00a0\u00bbdefault\u00a0\u00bb global_colors_info=\u00a0\u00bb{}\u00a0\u00bb][et_pb_column type=\u00a0\u00bb4_4&Prime; _builder_version=\u00a0\u00bb4.24.3&Prime; _module_preset=\u00a0\u00bbdefault\u00a0\u00bb global_colors_info=\u00a0\u00bb{}\u00a0\u00bb][et_pb_text _builder_version=\u00a0\u00bb4.25.1&Prime; _module_preset=\u00a0\u00bbdefault\u00a0\u00bb text_font=\u00a0\u00bbArchivo||||||||\u00a0\u00bb text_font_size=\u00a0\u00bb17px\u00a0\u00bb global_colors_info=\u00a0\u00bb{}\u00a0\u00bb]<\/p>\n<p style=\"text-align: justify;\"><span>Nos portes et portails sont con\u00e7us pour offrir une protection optimale tout en ajoutant une touche \u00e9l\u00e9gante \u00e0 votre maison.\u00a0 <\/span><span>Chaque produit est fabriqu\u00e9 \u00e0 partir de mat\u00e9riaux de haute qualit\u00e9, garantissant une durabilit\u00e9 et une r\u00e9sistance aux intemp\u00e9ries. Nous nous engageons \u00e0 fournir des solutions personnalis\u00e9es, adapt\u00e9es aux besoins sp\u00e9cifiques de chaque client.<\/span><\/p>\n<p>[\/et_pb_text][\/et_pb_column][\/et_pb_row][\/et_pb_section][et_pb_section fb_built=\u00a0\u00bb1&Prime; _builder_version=\u00a0\u00bb4.24.3&Prime; _module_preset=\u00a0\u00bbdefault\u00a0\u00bb global_colors_info=\u00a0\u00bb{}\u00a0\u00bb][et_pb_row _builder_version=\u00a0\u00bb4.24.3&Prime; _module_preset=\u00a0\u00bbdefault\u00a0\u00bb width=\u00a0\u00bb90%\u00a0\u00bb max_width=\u00a0\u00bb1290px\u00a0\u00bb custom_margin=\u00a0\u00bb0px||45px||false|false\u00a0\u00bb custom_margin_tablet=\u00a0\u00bb0px||75px||false|false\u00a0\u00bb custom_margin_phone=\u00a0\u00bb0px||50px||false|false\u00a0\u00bb custom_margin_last_edited=\u00a0\u00bbon|phone\u00a0\u00bb custom_padding=\u00a0\u00bb0px||0px||false|false\u00a0\u00bb global_colors_info=\u00a0\u00bb{}\u00a0\u00bb][et_pb_column type=\u00a0\u00bb4_4&Prime; _builder_version=\u00a0\u00bb4.24.2&Prime; _module_preset=\u00a0\u00bbdefault\u00a0\u00bb global_colors_info=\u00a0\u00bb{}\u00a0\u00bb][et_pb_text _builder_version=\u00a0\u00bb4.25.1&Prime; _module_preset=\u00a0\u00bbdefault\u00a0\u00bb header_2_font=\u00a0\u00bbArchivo|700||on|||||\u00a0\u00bb header_2_text_color=\u00a0\u00bb#701413&Prime; header_2_font_size=\u00a0\u00bb23px\u00a0\u00bb header_4_font=\u00a0\u00bbArchivo Narrow|700||on|||||\u00a0\u00bb header_4_text_align=\u00a0\u00bbleft\u00a0\u00bb header_4_text_color=\u00a0\u00bb#701413&Prime; header_4_font_size=\u00a0\u00bb15px\u00a0\u00bb header_4_letter_spacing=\u00a0\u00bb2px\u00a0\u00bb header_4_line_height=\u00a0\u00bb1.2em\u00a0\u00bb custom_margin=\u00a0\u00bb0px||25px||false|false\u00a0\u00bb custom_padding=\u00a0\u00bb0px||16px||false|false\u00a0\u00bb header_2_font_size_tablet=\u00a0\u00bb20px\u00a0\u00bb header_2_font_size_phone=\u00a0\u00bb20px\u00a0\u00bb header_2_font_size_last_edited=\u00a0\u00bbon|tablet\u00a0\u00bb border_width_bottom=\u00a0\u00bb1px\u00a0\u00bb border_color_bottom=\u00a0\u00bb#dbdbdb\u00a0\u00bb global_colors_info=\u00a0\u00bb{}\u00a0\u00bb]<\/p>\n<h2>Portes<\/h2>\n<p>[\/et_pb_text][et_pb_code admin_label=\u00a0\u00bbimg size cover code\u00a0\u00bb _builder_version=\u00a0\u00bb4.24.2&Prime; _module_preset=\u00a0\u00bbdefault\u00a0\u00bb custom_margin=\u00a0\u00bb0px||0px||false|false\u00a0\u00bb custom_padding=\u00a0\u00bb0px||0px||false|false\u00a0\u00bb global_colors_info=\u00a0\u00bb{}\u00a0\u00bb]<\/p>\n<style><!-- [et_pb_line_break_holder] -->  .agency-70-imgfc-sc .et_pb_image  img{<!-- [et_pb_line_break_holder] -->    object-fit: cover;<!-- [et_pb_line_break_holder] -->  } <!-- [et_pb_line_break_holder] --><\/style>\n<p>[\/et_pb_code][\/et_pb_column][\/et_pb_row][et_pb_row column_structure=\u00a0\u00bb2_3,1_3&Prime; make_equal=\u00a0\u00bbon\u00a0\u00bb _builder_version=\u00a0\u00bb4.24.3&Prime; _module_preset=\u00a0\u00bbdefault\u00a0\u00bb max_width=\u00a0\u00bb80%\u00a0\u00bb global_colors_info=\u00a0\u00bb{}\u00a0\u00bb][et_pb_column type=\u00a0\u00bb2_3&Prime; _builder_version=\u00a0\u00bb4.24.3&Prime; _module_preset=\u00a0\u00bbdefault\u00a0\u00bb custom_css_main_element=\u00a0\u00bbmargin:auto\u00a0\u00bb global_colors_info=\u00a0\u00bb{}\u00a0\u00bb][et_pb_text _builder_version=\u00a0\u00bb4.25.1&Prime; _module_preset=\u00a0\u00bbdefault\u00a0\u00bb text_font=\u00a0\u00bbArchivo||||||||\u00a0\u00bb text_font_size=\u00a0\u00bb17px\u00a0\u00bb global_colors_info=\u00a0\u00bb{}\u00a0\u00bb]<\/p>\n<p style=\"text-align: justify;\"><span>Nos portes se distinguent par leur robustesse et leur esth\u00e9tique raffin\u00e9e. Fabriqu\u00e9es en acier, aluminium ou mat\u00e9riaux composites, elles sont con\u00e7ues pour offrir une protection maximale contre les intemp\u00e9ries et les intrusions. Nous proposons une gamme \u00e9tendue de styles, du traditionnel au contemporain, avec des options de personnalisation incluant des couleurs, des finitions et des accessoires d\u00e9coratifs. <\/span><span>De plus, nos portes offrent une excellente isolation thermique et acoustique, contribuant ainsi \u00e0 un confort optimal au sein de votre habitation.<\/span><\/p>\n<p>[\/et_pb_text][et_pb_button button_url=\u00a0\u00bb@ET-DC@eyJkeW5hbWljIjp0cnVlLCJjb250ZW50IjoicG9zdF9saW5rX3VybF9wYWdlIiwic2V0dGluZ3MiOnsicG9zdF9pZCI6IjcxMjgxIn19@\u00a0\u00bb button_text=\u00a0\u00bbContact\u00a0\u00bb _builder_version=\u00a0\u00bb4.25.1&Prime; _dynamic_attributes=\u00a0\u00bbbutton_url\u00a0\u00bb _module_preset=\u00a0\u00bbdefault\u00a0\u00bb custom_button=\u00a0\u00bbon\u00a0\u00bb button_text_color=\u00a0\u00bb#000000&Prime; button_bg_color=\u00a0\u00bbRGBA(255,255,255,0)\u00a0\u00bb button_border_width=\u00a0\u00bb0px\u00a0\u00bb button_icon=\u00a0\u00bb&#x45;||divi||400&Prime; button_icon_color=\u00a0\u00bb#701413&Prime; global_colors_info=\u00a0\u00bb{}\u00a0\u00bb][\/et_pb_button][\/et_pb_column][et_pb_column type=\u00a0\u00bb1_3&Prime; _builder_version=\u00a0\u00bb4.24.3&Prime; _module_preset=\u00a0\u00bbdefault\u00a0\u00bb global_colors_info=\u00a0\u00bb{}\u00a0\u00bb][et_pb_image src=\u00a0\u00bbhttps:\/\/schlaesserei.lu\/wp-content\/uploads\/2024\/05\/dschlasserei_porte_4.jpg\u00a0\u00bb title_text=\u00a0\u00bbdschlasserei_porte_4&Prime; _builder_version=\u00a0\u00bb4.25.1&Prime; _module_preset=\u00a0\u00bbdefault\u00a0\u00bb width=\u00a0\u00bb75%\u00a0\u00bb border_radii=\u00a0\u00bbon|10px|10px|10px|10px\u00a0\u00bb global_colors_info=\u00a0\u00bb{}\u00a0\u00bb][\/et_pb_image][\/et_pb_column][\/et_pb_row][et_pb_row _builder_version=\u00a0\u00bb4.24.3&Prime; _module_preset=\u00a0\u00bbdefault\u00a0\u00bb max_width=\u00a0\u00bb80%\u00a0\u00bb global_colors_info=\u00a0\u00bb{}\u00a0\u00bb][et_pb_column type=\u00a0\u00bb4_4&Prime; _builder_version=\u00a0\u00bb4.24.3&Prime; _module_preset=\u00a0\u00bbdefault\u00a0\u00bb global_colors_info=\u00a0\u00bb{}\u00a0\u00bb][et_pb_gallery gallery_ids=\u00a0\u00bb71340,71341,71342,71344,71494,71578,72052,72049&Prime; posts_number=\u00a0\u00bb8&Prime; show_title_and_caption=\u00a0\u00bboff\u00a0\u00bb zoom_icon_color=\u00a0\u00bb#701413&Prime; hover_icon=\u00a0\u00bb&#x30;||divi||400&Prime; _builder_version=\u00a0\u00bb4.25.1&Prime; _module_preset=\u00a0\u00bbdefault\u00a0\u00bb pagination_font=\u00a0\u00bbArchivo||||||||\u00a0\u00bb pagination_text_color=\u00a0\u00bb#701413&Prime; hover_enabled=\u00a0\u00bb0&Prime; border_radii_image=\u00a0\u00bbon|10px|10px|10px|10px\u00a0\u00bb global_colors_info=\u00a0\u00bb{}\u00a0\u00bb sticky_enabled=\u00a0\u00bb0&Prime;][\/et_pb_gallery][\/et_pb_column][\/et_pb_row][\/et_pb_section][et_pb_section fb_built=\u00a0\u00bb1&Prime; _builder_version=\u00a0\u00bb4.24.3&Prime; _module_preset=\u00a0\u00bbdefault\u00a0\u00bb background_color=\u00a0\u00bb#000000&Prime; global_colors_info=\u00a0\u00bb{}\u00a0\u00bb][et_pb_row _builder_version=\u00a0\u00bb4.24.3&Prime; _module_preset=\u00a0\u00bbdefault\u00a0\u00bb width=\u00a0\u00bb90%\u00a0\u00bb max_width=\u00a0\u00bb1290px\u00a0\u00bb custom_margin=\u00a0\u00bb0px||45px||false|false\u00a0\u00bb custom_margin_tablet=\u00a0\u00bb0px||75px||false|false\u00a0\u00bb custom_margin_phone=\u00a0\u00bb0px||50px||false|false\u00a0\u00bb custom_margin_last_edited=\u00a0\u00bbon|phone\u00a0\u00bb custom_padding=\u00a0\u00bb0px||0px||false|false\u00a0\u00bb global_colors_info=\u00a0\u00bb{}\u00a0\u00bb][et_pb_column type=\u00a0\u00bb4_4&Prime; _builder_version=\u00a0\u00bb4.24.2&Prime; _module_preset=\u00a0\u00bbdefault\u00a0\u00bb global_colors_info=\u00a0\u00bb{}\u00a0\u00bb][et_pb_text _builder_version=\u00a0\u00bb4.25.1&Prime; _module_preset=\u00a0\u00bbdefault\u00a0\u00bb header_2_font=\u00a0\u00bbArchivo|700||on|||||\u00a0\u00bb header_2_text_color=\u00a0\u00bb#FFFFFF\u00a0\u00bb header_2_font_size=\u00a0\u00bb23px\u00a0\u00bb header_4_font=\u00a0\u00bbArchivo Narrow|700||on|||||\u00a0\u00bb header_4_text_align=\u00a0\u00bbleft\u00a0\u00bb header_4_text_color=\u00a0\u00bb#701413&Prime; header_4_font_size=\u00a0\u00bb15px\u00a0\u00bb header_4_letter_spacing=\u00a0\u00bb2px\u00a0\u00bb header_4_line_height=\u00a0\u00bb1.2em\u00a0\u00bb custom_margin=\u00a0\u00bb0px||25px||false|false\u00a0\u00bb custom_padding=\u00a0\u00bb0px||16px||false|false\u00a0\u00bb header_2_font_size_tablet=\u00a0\u00bb20px\u00a0\u00bb header_2_font_size_phone=\u00a0\u00bb20px\u00a0\u00bb header_2_font_size_last_edited=\u00a0\u00bbon|tablet\u00a0\u00bb border_width_bottom=\u00a0\u00bb1px\u00a0\u00bb border_color_bottom=\u00a0\u00bb#dbdbdb\u00a0\u00bb global_colors_info=\u00a0\u00bb{}\u00a0\u00bb]<\/p>\n<h2>Portails<\/h2>\n<p>[\/et_pb_text][et_pb_code admin_label=\u00a0\u00bbimg size cover code\u00a0\u00bb _builder_version=\u00a0\u00bb4.24.2&Prime; _module_preset=\u00a0\u00bbdefault\u00a0\u00bb custom_margin=\u00a0\u00bb0px||0px||false|false\u00a0\u00bb custom_padding=\u00a0\u00bb0px||0px||false|false\u00a0\u00bb global_colors_info=\u00a0\u00bb{}\u00a0\u00bb]<\/p>\n<style><!-- [et_pb_line_break_holder] -->  .agency-70-imgfc-sc .et_pb_image  img{<!-- [et_pb_line_break_holder] -->    object-fit: cover;<!-- [et_pb_line_break_holder] -->  } <!-- [et_pb_line_break_holder] --><\/style>\n<p>[\/et_pb_code][\/et_pb_column][\/et_pb_row][et_pb_row column_structure=\u00a0\u00bb1_3,2_3&Prime; make_equal=\u00a0\u00bbon\u00a0\u00bb _builder_version=\u00a0\u00bb4.24.3&Prime; _module_preset=\u00a0\u00bbdefault\u00a0\u00bb max_width=\u00a0\u00bb80%\u00a0\u00bb global_colors_info=\u00a0\u00bb{}\u00a0\u00bb][et_pb_column type=\u00a0\u00bb1_3&Prime; _builder_version=\u00a0\u00bb4.24.3&Prime; _module_preset=\u00a0\u00bbdefault\u00a0\u00bb global_colors_info=\u00a0\u00bb{}\u00a0\u00bb][et_pb_image src=\u00a0\u00bbhttps:\/\/schlaesserei.lu\/wp-content\/uploads\/2024\/05\/dschlasserei_portails_3.jpg\u00a0\u00bb title_text=\u00a0\u00bbdschlasserei_portails_3&Prime; _builder_version=\u00a0\u00bb4.25.1&Prime; _module_preset=\u00a0\u00bbdefault\u00a0\u00bb width=\u00a0\u00bb75%\u00a0\u00bb border_radii=\u00a0\u00bbon|10px|10px|10px|10px\u00a0\u00bb global_colors_info=\u00a0\u00bb{}\u00a0\u00bb][\/et_pb_image][\/et_pb_column][et_pb_column type=\u00a0\u00bb2_3&Prime; _builder_version=\u00a0\u00bb4.24.3&Prime; _module_preset=\u00a0\u00bbdefault\u00a0\u00bb custom_css_main_element=\u00a0\u00bbmargin:auto\u00a0\u00bb global_colors_info=\u00a0\u00bb{}\u00a0\u00bb][et_pb_text _builder_version=\u00a0\u00bb4.25.1&Prime; _module_preset=\u00a0\u00bbdefault\u00a0\u00bb text_font=\u00a0\u00bbArchivo||||||||\u00a0\u00bb text_text_color=\u00a0\u00bb#FFFFFF\u00a0\u00bb text_font_size=\u00a0\u00bb17px\u00a0\u00bb global_colors_info=\u00a0\u00bb{}\u00a0\u00bb]<\/p>\n<p style=\"text-align: justify;\"><span>Les portails de D&rsquo;Schl\u00e4sserei sont synonymes de s\u00e9curit\u00e9 et de sophistication. Disponibles en mod\u00e8les battants, coulissants et motoris\u00e9s, nos portails sont con\u00e7us pour r\u00e9pondre \u00e0 divers besoins en termes d&rsquo;acc\u00e8s et de s\u00e9curit\u00e9. Fabriqu\u00e9s avec des mat\u00e9riaux r\u00e9sistants tels que l&rsquo;acier galvanis\u00e9 et l&rsquo;aluminium, ils assurent une long\u00e9vit\u00e9 et une r\u00e9sistance aux conditions climatiques les plus rigoureuses. <\/span><span> De plus, nos portails peuvent \u00eatre \u00e9quip\u00e9s de syst\u00e8mes de s\u00e9curit\u00e9 avanc\u00e9s et de motorisations.<\/span><\/p>\n<p>[\/et_pb_text][et_pb_button button_url=\u00a0\u00bb@ET-DC@eyJkeW5hbWljIjp0cnVlLCJjb250ZW50IjoicG9zdF9saW5rX3VybF9wYWdlIiwic2V0dGluZ3MiOnsicG9zdF9pZCI6IjcxMjgxIn19@\u00a0\u00bb button_text=\u00a0\u00bbContact\u00a0\u00bb _builder_version=\u00a0\u00bb4.25.1&Prime; _dynamic_attributes=\u00a0\u00bbbutton_url\u00a0\u00bb _module_preset=\u00a0\u00bbdefault\u00a0\u00bb custom_button=\u00a0\u00bbon\u00a0\u00bb button_text_color=\u00a0\u00bb#FFFFFF\u00a0\u00bb button_bg_color=\u00a0\u00bbRGBA(255,255,255,0)\u00a0\u00bb button_border_width=\u00a0\u00bb0px\u00a0\u00bb button_icon=\u00a0\u00bb&#x45;||divi||400&Prime; button_icon_color=\u00a0\u00bb#701413&Prime; global_colors_info=\u00a0\u00bb{}\u00a0\u00bb][\/et_pb_button][\/et_pb_column][\/et_pb_row][et_pb_row _builder_version=\u00a0\u00bb4.24.3&Prime; _module_preset=\u00a0\u00bbdefault\u00a0\u00bb max_width=\u00a0\u00bb80%\u00a0\u00bb global_colors_info=\u00a0\u00bb{}\u00a0\u00bb][et_pb_column type=\u00a0\u00bb4_4&Prime; _builder_version=\u00a0\u00bb4.24.3&Prime; _module_preset=\u00a0\u00bbdefault\u00a0\u00bb global_colors_info=\u00a0\u00bb{}\u00a0\u00bb][et_pb_gallery gallery_ids=\u00a0\u00bb71345,71346,71349,71350,71571,71572,71573,71574,71575,71576&Prime; posts_number=\u00a0\u00bb10&Prime; show_title_and_caption=\u00a0\u00bboff\u00a0\u00bb zoom_icon_color=\u00a0\u00bb#701413&Prime; hover_icon=\u00a0\u00bb&#x30;||divi||400&Prime; _builder_version=\u00a0\u00bb4.25.1&Prime; _module_preset=\u00a0\u00bbdefault\u00a0\u00bb pagination_font=\u00a0\u00bbArchivo||||||||\u00a0\u00bb pagination_text_color=\u00a0\u00bb#FFFFFF\u00a0\u00bb border_radii_image=\u00a0\u00bbon|10px|10px|10px|10px\u00a0\u00bb global_colors_info=\u00a0\u00bb{}\u00a0\u00bb][\/et_pb_gallery][\/et_pb_column][\/et_pb_row][\/et_pb_section]<\/p>\n","protected":false},"excerpt":{"rendered":"<p>Portes &amp; PortailsNos portes et portails sont con\u00e7us pour offrir une protection optimale tout en ajoutant une touche \u00e9l\u00e9gante \u00e0 votre maison.\u00a0 Chaque produit est fabriqu\u00e9 \u00e0 partir de mat\u00e9riaux de haute qualit\u00e9, garantissant une durabilit\u00e9 et une r\u00e9sistance aux intemp\u00e9ries. Nous nous engageons \u00e0 fournir des solutions personnalis\u00e9es, adapt\u00e9es aux besoins sp\u00e9cifiques de chaque client.PortesNos portes se distinguent par leur robustesse et leur esth\u00e9tique raffin\u00e9e. Fabriqu\u00e9es en acier, aluminium ou mat\u00e9riaux composites, elles sont con\u00e7ues pour offrir une protection maximale contre les intemp\u00e9ries et les intrusions. Nous proposons une gamme \u00e9tendue de styles, du traditionnel au contemporain, avec des options de personnalisation incluant des couleurs, des finitions et des accessoires d\u00e9coratifs. De plus, nos portes offrent une excellente isolation thermique et acoustique, contribuant ainsi \u00e0 un confort optimal au sein de votre habitation.PortailsLes portails de D&rsquo;Schl\u00e4sserei sont synonymes de s\u00e9curit\u00e9 et de sophistication. Disponibles en mod\u00e8les battants, coulissants et motoris\u00e9s, nos portails sont con\u00e7us pour r\u00e9pondre \u00e0 divers besoins en termes d&rsquo;acc\u00e8s et de s\u00e9curit\u00e9. Fabriqu\u00e9s avec des mat\u00e9riaux r\u00e9sistants tels que l&rsquo;acier galvanis\u00e9 et l&rsquo;aluminium, ils assurent une long\u00e9vit\u00e9 et une r\u00e9sistance aux conditions climatiques les plus rigoureuses. De plus, nos portails peuvent \u00eatre \u00e9quip\u00e9s de syst\u00e8mes de [&hellip;]<\/p>\n","protected":false},"author":1,"featured_media":0,"parent":0,"menu_order":0,"comment_status":"closed","ping_status":"closed","template":"","meta":{"_et_pb_use_builder":"on","_et_pb_old_content":"","_et_gb_content_width":"","footnotes":""},"class_list":["post-71338","page","type-page","status-publish","hentry"],"_links":{"self":[{"href":"https:\/\/schlaesserei.lu\/fr\/wp-json\/wp\/v2\/pages\/71338","targetHints":{"allow":["GET"]}}],"collection":[{"href":"https:\/\/schlaesserei.lu\/fr\/wp-json\/wp\/v2\/pages"}],"about":[{"href":"https:\/\/schlaesserei.lu\/fr\/wp-json\/wp\/v2\/types\/page"}],"author":[{"embeddable":true,"href":"https:\/\/schlaesserei.lu\/fr\/wp-json\/wp\/v2\/users\/1"}],"replies":[{"embeddable":true,"href":"https:\/\/schlaesserei.lu\/fr\/wp-json\/wp\/v2\/comments?post=71338"}],"version-history":[{"count":0,"href":"https:\/\/schlaesserei.lu\/fr\/wp-json\/wp\/v2\/pages\/71338\/revisions"}],"wp:attachment":[{"href":"https:\/\/schlaesserei.lu\/fr\/wp-json\/wp\/v2\/media?parent=71338"}],"curies":[{"name":"wp","href":"https:\/\/api.w.org\/{rel}","templated":true}]}}